{"id":393,"date":"2023-03-08T15:21:29","date_gmt":"2023-03-08T06:21:29","guid":{"rendered":"https:\/\/www.densho-gp.co.jp\/guesthouse\/?page_id=393"},"modified":"2023-03-08T16:50:22","modified_gmt":"2023-03-08T07:50:22","slug":"contact","status":"publish","type":"page","link":"https:\/\/www.densho-gp.co.jp\/guesthouse\/contact\/","title":{"rendered":"\u304a\u554f\u3044\u5408\u308f\u305b"},"content":{"rendered":"\n<p class=\"has-text-align-center\">\u62c5\u5f53\u8005\u306b\u3066\u5185\u5bb9\u78ba\u8a8d\u306e\u3046\u3048\u8fd4\u4fe1\u3055\u305b\u3066\u3044\u305f\u3060\u304d\u307e\u3059\u304c\u3001\u56de\u7b54\u307e\u3067\u306b\uff11\uff5e\uff12\u65e5\u307b\u3069\u304a\u6642\u9593\u3092<br>\u3044\u305f\u3060\u304f\u5834\u5408\u304c\u3054\u3056\u3044\u307e\u3059\u3002\u4e88\u3081\u3054\u4e86\u627f\u304f\u3060\u3055\u3044\u307e\u3059\u3088\u3046\u304a\u9858\u3044\u3044\u305f\u3057\u307e\u3059\u3002<\/p>\n\n\n\n<p class=\"has-text-align-center u-mb-ctrl u-mb-30\">\u307e\u305f\u3001\u5f53\u793e\u793e\u54e1\u7d4c\u7531\u3067\u306e\u3054\u5229\u7528\u7533\u3057\u8fbc\u307f\u3082\u304a\u53d7\u3051\u3057\u3066\u304a\u308a\u307e\u3059\u3002<br>\u5f53\u8a72\u793e\u54e1\u307e\u3067\u96fb\u8a71\u307e\u305f\u306f\u30e1\u30fc\u30eb\u306b\u3066\u3054\u9023\u7d61\u304f\u3060\u3055\u3044\u307e\u3059\u3088\u3046\u304a\u9858\u3044\u3044\u305f\u3057\u307e\u3059\u3002<\/p>\n\n\n\n<div class=\"wp-block-group is-style-emboss_box\"><div class=\"wp-block-group__inner-container is-layout-constrained wp-block-group-is-layout-constrained\">\n<div class=\"wp-block-contact-form-7-contact-form-selector\">\n<div class=\"wpcf7 no-js\" id=\"wpcf7-f22-o1\" lang=\"ja\" dir=\"ltr\">\n<div class=\"screen-reader-response\"><p role=\"status\" aria-live=\"polite\" aria-atomic=\"true\"><\/p> <ul><\/ul><\/div>\n<form action=\"\/guesthouse\/wp-json\/wp\/v2\/pages\/393#wpcf7-f22-o1\" method=\"post\" class=\"wpcf7-form init\" aria-label=\"\u30b3\u30f3\u30bf\u30af\u30c8\u30d5\u30a9\u30fc\u30e0\" novalidate=\"novalidate\" data-status=\"init\">\n<div style=\"display: none;\">\n<input type=\"hidden\" name=\"_wpcf7\" value=\"22\" \/>\n<input type=\"hidden\" name=\"_wpcf7_version\" value=\"5.8.7\" \/>\n<input type=\"hidden\" name=\"_wpcf7_locale\" value=\"ja\" \/>\n<input type=\"hidden\" name=\"_wpcf7_unit_tag\" value=\"wpcf7-f22-o1\" \/>\n<input type=\"hidden\" name=\"_wpcf7_container_post\" value=\"0\" \/>\n<input type=\"hidden\" name=\"_wpcf7_posted_data_hash\" value=\"\" \/>\n<\/div>\n<p class=\"CF7_table\"><span class=\"CF7_req\">\u5fc5\u9808<\/span><label>\u304a\u540d\u524d<\/label>\n<\/p>\n<p><span class=\"wpcf7-form-control-wrap\" data-name=\"your-name\"><input size=\"40\" class=\"wpcf7-form-control wpcf7-text wpcf7-validates-as-required form-width\" aria-required=\"true\" aria-invalid=\"false\" placeholder=\"\u4f8b\uff1a\u96fb\u7fd4\u3000\u592a\u90ce\" value=\"\" type=\"text\" name=\"your-name\" \/><\/span>\n<\/p>\n<p class=\"CF7_table\"><span class=\"CF7_req\">\u5fc5\u9808<\/span><label>\u30e1\u30fc\u30eb\u30a2\u30c9\u30ec\u30b9<\/label>\n<\/p>\n<p><span class=\"wpcf7-form-control-wrap\" data-name=\"your-email\"><input size=\"40\" class=\"wpcf7-form-control wpcf7-email wpcf7-validates-as-required wpcf7-text wpcf7-validates-as-email form-width\" aria-required=\"true\" aria-invalid=\"false\" placeholder=\"\u4f8b\uff1a\u00d7\u00d7\u00d7@\u00d7\u00d7\u00d7.com\" value=\"\" type=\"email\" name=\"your-email\" \/><\/span>\n<\/p>\n<p class=\"CF7_table\"><span class=\"CF7_req\">\u5fc5\u9808<\/span><label>\u304a\u96fb\u8a71\u756a\u53f7<\/label>\n<\/p>\n<p><span class=\"wpcf7-form-control-wrap\" data-name=\"your-tel\"><input size=\"40\" class=\"wpcf7-form-control wpcf7-text wpcf7-validates-as-required form-width\" aria-required=\"true\" aria-invalid=\"false\" placeholder=\"\u4f8b\uff1a03-1234-5678\" value=\"\" type=\"text\" name=\"your-tel\" \/><\/span>\n<\/p>\n<p class=\"message-100\"><span class=\"CF7_req\">\u5fc5\u9808<\/span><label>\u5f53\u793e\u3068\u306e\u3054\u95a2\u4fc2\uff08\u203b\uff09<\/label>\n<\/p>\n<p><label><span class=\"wpcf7-form-control-wrap\" data-name=\"your-message1\"><textarea cols=\"40\" rows=\"10\" class=\"wpcf7-form-control wpcf7-textarea wpcf7-validates-as-required\" aria-required=\"true\" aria-invalid=\"false\" placeholder=\"\u304a\u53d6\u5f15\u304c\u3042\u308b\u30fb\u96fb\u7fd4\u793e\u54e1\u3067\u3042\u308b\u7b49\u3054\u8a18\u5165\u304f\u3060\u3055\u3044\" name=\"your-message1\"><\/textarea><\/span><\/label>\n<\/p>\n<p class=\"chui\">\u203b\u307e\u3053\u3068\u306b\u304a\u305d\u308c\u3044\u308a\u307e\u3059\u304c\u3001\u5f53\u30b2\u30b9\u30c8\u30cf\u30a6\u30b9\u306f\u65e5\u9803\u304a\u4e16\u8a71\u306b\u306a\u3063\u3066\u3044\u308b\u53d6\u5f15\u5148\u69d8\u304a\u3088\u3073\u96fb\u7fd4\u793e\u54e1\uff08\u7814\u4fee\u30fb\u4f1a\u8b70\u7b49\uff09\u3092\u5bfe\u8c61\u3068\u3057\u3066\u304a\u308a\u307e\u3059\u3053\u3068\u304b\u3089\u3001\u304a\u554f\u3044\u5408\u308f\u305b\u306e\u969b\u306b\u5f53\u793e\u3068\u306e\u3054\u95a2\u4fc2\u306b\u3064\u3044\u3066\u304a\u4f3a\u3044\u3057\u3066\u304a\u308a\u307e\u3059\u3002\u4f55\u5352\u3054\u4e86\u627f\u3044\u305f\u3060\u3051\u307e\u3059\u3088\u3046\u304a\u9858\u3044\u7533\u3057\u4e0a\u3052\u307e\u3059\u3002\n<\/p>\n<p class=\"message-100\"><span class=\"CF7_req\">\u5fc5\u9808<\/span><label>\u554f\u3044\u5408\u308f\u305b\u5185\u5bb9<\/label>\n<\/p>\n<p><label><span class=\"wpcf7-form-control-wrap\" data-name=\"your-message\"><textarea cols=\"40\" rows=\"10\" class=\"wpcf7-form-control wpcf7-textarea wpcf7-validates-as-required\" aria-required=\"true\" aria-invalid=\"false\" placeholder=\"\u304a\u554f\u3044\u5408\u308f\u305b\u5185\u5bb9\u3092\u3054\u8a18\u5165\u304f\u3060\u3055\u3044\" name=\"your-message\"><\/textarea><\/span><\/label>\n<\/p>\n<p class=\"CF7_btn\"><input class=\"wpcf7-form-control wpcf7-submit has-spinner\" type=\"submit\" value=\"\u78ba\u8a8d\u3059\u308b\" \/>\n<\/p>\n\n<!-- CF7MSM -->\n<div style='display:none;'><input type=\"hidden\" name=\"_cf7msm_multistep_tag\" class=\"wpcf7-form-control wpcf7-multistep cf7msm-multistep\" value=\"{&quot;first_step&quot;:1,&quot;next_url&quot;:&quot;https:\/\/www.densho-gp.co.jp\/guesthouse\/contact_confirm\/&quot;}\" \/><input type=\"hidden\" name=\"cf7msm-no-ss\" value=\"\" \/>\n<\/div>\n<!-- End CF7MSM -->\n<div class=\"wpcf7-response-output\" aria-hidden=\"true\"><\/div>\n<\/form>\n<\/div>\n<\/div>\n<\/div><\/div>\n","protected":false},"excerpt":{"rendered":"<p>\u62c5\u5f53\u8005\u306b\u3066\u5185\u5bb9\u78ba\u8a8d\u306e\u3046\u3048\u8fd4\u4fe1\u3055\u305b\u3066\u3044\u305f\u3060\u304d\u307e\u3059\u304c\u3001\u56de\u7b54\u307e\u3067\u306b\uff11\uff5e\uff12\u65e5\u307b\u3069\u304a\u6642\u9593\u3092\u3044\u305f\u3060\u304f\u5834\u5408\u304c\u3054\u3056\u3044\u307e\u3059\u3002\u4e88\u3081\u3054\u4e86\u627f\u304f\u3060\u3055\u3044\u307e\u3059\u3088\u3046\u304a\u9858\u3044\u3044\u305f\u3057\u307e\u3059\u3002 \u307e\u305f\u3001\u5f53\u793e\u793e\u54e1\u7d4c\u7531\u3067\u306e\u3054\u5229\u7528\u7533\u3057\u8fbc\u307f\u3082\u304a\u53d7\u3051\u3057\u3066\u304a\u308a\u307e\u3059\u3002\u5f53\u8a72\u793e\u54e1\u307e [&hellip;]<\/p>\n","protected":false},"author":1,"featured_media":0,"parent":0,"menu_order":0,"comment_status":"closed","ping_status":"closed","template":"","meta":{"swell_btn_cv_data":"","footnotes":""},"class_list":["post-393","page","type-page","status-publish","hentry"],"_links":{"self":[{"href":"https:\/\/www.densho-gp.co.jp\/guesthouse\/wp-json\/wp\/v2\/pages\/393","targetHints":{"allow":["GET"]}}],"collection":[{"href":"https:\/\/www.densho-gp.co.jp\/guesthouse\/wp-json\/wp\/v2\/pages"}],"about":[{"href":"https:\/\/www.densho-gp.co.jp\/guesthouse\/wp-json\/wp\/v2\/types\/page"}],"author":[{"embeddable":true,"href":"https:\/\/www.densho-gp.co.jp\/guesthouse\/wp-json\/wp\/v2\/users\/1"}],"replies":[{"embeddable":true,"href":"https:\/\/www.densho-gp.co.jp\/guesthouse\/wp-json\/wp\/v2\/comments?post=393"}],"version-history":[{"count":4,"href":"https:\/\/www.densho-gp.co.jp\/guesthouse\/wp-json\/wp\/v2\/pages\/393\/revisions"}],"predecessor-version":[{"id":418,"href":"https:\/\/www.densho-gp.co.jp\/guesthouse\/wp-json\/wp\/v2\/pages\/393\/revisions\/418"}],"wp:attachment":[{"href":"https:\/\/www.densho-gp.co.jp\/guesthouse\/wp-json\/wp\/v2\/media?parent=393"}],"curies":[{"name":"wp","href":"https:\/\/api.w.org\/{rel}","templated":true}]}}