{"id":13,"date":"2022-06-08T05:36:08","date_gmt":"2022-06-08T05:36:08","guid":{"rendered":"https:\/\/www.densho-gp.co.jp\/active-academy\/?page_id=13"},"modified":"2022-12-26T05:18:34","modified_gmt":"2022-12-26T05:18:34","slug":"contact","status":"publish","type":"page","link":"https:\/\/www.densho-gp.co.jp\/active-academy\/contact\/","title":{"rendered":"\u304a\u554f\u3044\u5408\u308f\u305b"},"content":{"rendered":"<p>\u304a\u554f\u3044\u5408\u308f\u305b\u306b\u306f\u30e1\u30fc\u30eb\u30a2\u30c9\u30ec\u30b9\u304c\u5fc5\u8981\u3067\u3059\u3002<br>2\u55b6\u696d\u65e5\u3092\u76ee\u5b89\u306b\u968f\u6642\u5bfe\u5fdc\u3055\u305b\u3066\u3044\u305f\u3060\u304d\u307e\u3059\u3002<\/p><div class=\"wp-block-group\"><div class=\"wp-block-group__inner-container is-layout-constrained wp-block-group-is-layout-constrained\"><div class=\"wp-block-group has-border -border04\"><div class=\"wp-block-group__inner-container is-layout-constrained wp-block-group-is-layout-constrained\"><div class=\"wp-block-contact-form-7-contact-form-selector\">\n<div class=\"wpcf7 no-js\" id=\"wpcf7-f897-o1\" lang=\"ja\" dir=\"ltr\" data-wpcf7-id=\"897\">\n<div class=\"screen-reader-response\"><p role=\"status\" aria-live=\"polite\" aria-atomic=\"true\"><\/p> <ul><\/ul><\/div>\n<form action=\"\/active-academy\/wp-json\/wp\/v2\/pages\/13#wpcf7-f897-o1\" method=\"post\" class=\"wpcf7-form init\" aria-label=\"\u30b3\u30f3\u30bf\u30af\u30c8\u30d5\u30a9\u30fc\u30e0\" novalidate=\"novalidate\" data-status=\"init\">\n<fieldset class=\"hidden-fields-container\"><input type=\"hidden\" name=\"_wpcf7\" value=\"897\" \/><input type=\"hidden\" name=\"_wpcf7_version\" value=\"6.1.5\" \/><input type=\"hidden\" name=\"_wpcf7_locale\" value=\"ja\" \/><input type=\"hidden\" name=\"_wpcf7_unit_tag\" value=\"wpcf7-f897-o1\" \/><input type=\"hidden\" name=\"_wpcf7_container_post\" value=\"0\" \/><input type=\"hidden\" name=\"_wpcf7_posted_data_hash\" value=\"\" \/><input type=\"hidden\" name=\"_wpcf7_recaptcha_response\" value=\"\" \/>\n<\/fieldset>\n<p class=\"CF7_table\"><span class=\"CF7_req\">\u5fc5\u9808<\/span><label>\u304a\u554f\u3044\u5408\u308f\u305b\u7a2e\u5225<\/label>\n<\/p>\n<p><span class=\"wpcf7-form-control-wrap\" data-name=\"checkbox-inq\"><span class=\"wpcf7-form-control wpcf7-checkbox wpcf7-validates-as-required\"><span class=\"wpcf7-list-item first\"><input type=\"checkbox\" name=\"checkbox-inq[]\" value=\"\u3054\u76f8\u8ac7\" \/><span class=\"wpcf7-list-item-label\">\u3054\u76f8\u8ac7<\/span><\/span><span class=\"wpcf7-list-item\"><input type=\"checkbox\" name=\"checkbox-inq[]\" value=\"\u304a\u898b\u7a4d\u3082\u308a\u4f9d\u983c\" \/><span class=\"wpcf7-list-item-label\">\u304a\u898b\u7a4d\u3082\u308a\u4f9d\u983c<\/span><\/span><span class=\"wpcf7-list-item\"><input type=\"checkbox\" name=\"checkbox-inq[]\" value=\"\u88fd\u54c1\u30c7\u30e2\" \/><span class=\"wpcf7-list-item-label\">\u88fd\u54c1\u30c7\u30e2<\/span><\/span><span class=\"wpcf7-list-item\"><input type=\"checkbox\" name=\"checkbox-inq[]\" value=\"\u4ee3\u7406\u8ca9\u58f2\" \/><span class=\"wpcf7-list-item-label\">\u4ee3\u7406\u8ca9\u58f2<\/span><\/span><span class=\"wpcf7-list-item last\"><input type=\"checkbox\" name=\"checkbox-inq[]\" value=\"\u305d\u306e\u4ed6\" \/><span class=\"wpcf7-list-item-label\">\u305d\u306e\u4ed6<\/span><\/span><\/span><\/span>\n<\/p>\n<p class=\"CF7_table\"><span class=\"CF7_req\">\u5fc5\u9808<\/span><label>\u304a\u540d\u524d<\/label>\n<\/p>\n<p><span class=\"wpcf7-form-control-wrap\" data-name=\"your-name\"><input size=\"40\" maxlength=\"400\" class=\"wpcf7-form-control wpcf7-text wpcf7-validates-as-required form-width\" aria-required=\"true\" aria-invalid=\"false\" placeholder=\"\u4f8b\uff1a\u96fb\u7fd4\u3000\u592a\u90ce\" value=\"\" type=\"text\" name=\"your-name\" \/><\/span>\n<\/p>\n<p class=\"CF7_table\"><span class=\"CF7_req\">\u5fc5\u9808<\/span><label>\u3075\u308a\u304c\u306a<\/label>\n<\/p>\n<p><span class=\"wpcf7-form-control-wrap\" data-name=\"your-furigana\"><input size=\"40\" maxlength=\"400\" class=\"wpcf7-form-control wpcf7-text wpcf7-validates-as-required form-width\" aria-required=\"true\" aria-invalid=\"false\" placeholder=\"\u4f8b\uff1a\u3067\u3093\u3057\u3087\u3046\u3000\u305f\u308d\u3046\" value=\"\" type=\"text\" name=\"your-furigana\" \/><\/span>\n<\/p>\n<p class=\"CF7_table\"><span class=\"CF7_req\">\u5fc5\u9808<\/span><label>\u30e1\u30fc\u30eb\u30a2\u30c9\u30ec\u30b9<\/label>\n<\/p>\n<p><span class=\"wpcf7-form-control-wrap\" data-name=\"your-email\"><input size=\"40\" maxlength=\"400\" class=\"wpcf7-form-control wpcf7-email wpcf7-validates-as-required wpcf7-text wpcf7-validates-as-email form-width\" aria-required=\"true\" aria-invalid=\"false\" placeholder=\"\u4f8b\uff1a\u00d7\u00d7\u00d7@\u00d7\u00d7\u00d7.com\" value=\"\" type=\"email\" name=\"your-email\" \/><\/span>\n<\/p>\n<p class=\"CF7_table\"><span class=\"CF7_req\">\u5fc5\u9808<\/span><label>\u5927\u5b66\uff08\u6cd5\u4eba\uff09\u540d<\/label>\n<\/p>\n<p><span class=\"wpcf7-form-control-wrap\" data-name=\"your-company\"><input size=\"40\" maxlength=\"400\" class=\"wpcf7-form-control wpcf7-text wpcf7-validates-as-required form-width\" aria-required=\"true\" aria-invalid=\"false\" placeholder=\"\u4f8b\uff1a\u25ef\u25ef\u5927\u5b66\" value=\"\" type=\"text\" name=\"your-company\" \/><\/span>\n<\/p>\n<p class=\"CF7_table\"><span class=\"CF7_unreq\">\u4efb\u610f<\/span><label>\u90e8\u7f72\u540d<\/label>\n<\/p>\n<p><span class=\"wpcf7-form-control-wrap\" data-name=\"your-busho\"><input size=\"40\" maxlength=\"400\" class=\"wpcf7-form-control wpcf7-text form-width\" aria-invalid=\"false\" placeholder=\"\u4f8b\uff1a\u6559\u52d9\u8ab2\" value=\"\" type=\"text\" name=\"your-busho\" \/><\/span>\n<\/p>\n<p class=\"CF7_table\"><span class=\"CF7_req\">\u5fc5\u9808<\/span><label>\u304a\u96fb\u8a71\u756a\u53f7<\/label>\n<\/p>\n<p><span class=\"wpcf7-form-control-wrap\" data-name=\"your-tel\"><input size=\"40\" maxlength=\"400\" class=\"wpcf7-form-control wpcf7-text wpcf7-validates-as-required form-width\" aria-required=\"true\" aria-invalid=\"false\" placeholder=\"\u4f8b\uff1a03-1234-5678\" value=\"\" type=\"text\" name=\"your-tel\" \/><\/span>\n<\/p>\n<p class=\"message-100\"><span class=\"CF7_req\">\u5fc5\u9808<\/span><label>\u554f\u3044\u5408\u308f\u305b\u5185\u5bb9<\/label>\n<\/p>\n<p><label><span class=\"wpcf7-form-control-wrap\" data-name=\"your-message\"><textarea cols=\"40\" rows=\"10\" maxlength=\"2000\" class=\"wpcf7-form-control wpcf7-textarea wpcf7-validates-as-required\" aria-required=\"true\" aria-invalid=\"false\" placeholder=\"\u304a\u554f\u3044\u5408\u308f\u305b\u5185\u5bb9\u3092\u3054\u8a18\u5165\u304f\u3060\u3055\u3044\" name=\"your-message\"><\/textarea><\/span><\/label>\n<\/p>\n<p><span class=\"wpcf7-form-control-wrap\" data-name=\"acceptance-965\"><span class=\"wpcf7-form-control wpcf7-acceptance\"><span class=\"wpcf7-list-item\"><input type=\"checkbox\" name=\"acceptance-965\" value=\"1\" aria-invalid=\"false\" \/><\/span><\/span><\/span>\u3000(\u682a)\u96fb\u7fd4\u306e<a href=\"https:\/\/www.densho-gp.co.jp\/active-academy\/privacy-policy\/\"target=\"_blank\" rel=\"noopener noreferrer\" style=\"text-decoration:underline;\"> \u30d7\u30e9\u30a4\u30d0\u30b7\u30fc\u30dd\u30ea\u30b7\u30fc<\/a>\u306b\u540c\u610f\u3059\u308b\n<\/p>\n<p class=\"CF7_btn\"><input class=\"wpcf7-form-control wpcf7-submit has-spinner\" type=\"submit\" value=\"\u78ba\u8a8d\u3059\u308b\" \/>\n<\/p>\n\n<!-- CF7MSM -->\n<div style='display:none;'><input type=\"hidden\" name=\"_cf7msm_multistep_tag\" class=\"wpcf7-form-control wpcf7-multistep cf7msm-multistep\" value=\"{&quot;first_step&quot;:1,&quot;next_url&quot;:&quot;https:\/\/www.densho-gp.co.jp\/active-academy\/contact-confirm\/&quot;}\" \/><input type=\"hidden\" name=\"cf7msm-no-ss\" value=\"\" \/>\n<\/div>\n<!-- End CF7MSM -->\n<div class=\"wpcf7-response-output\" aria-hidden=\"true\"><\/div>\n<\/form>\n<\/div>\n<\/div><\/div><\/div><\/div><\/div><p class=\"has-border -border03\">\u3053\u306e\u30b5\u30a4\u30c8\u306freCAPTCHA\u306b\u3088\u3063\u3066\u4fdd\u8b77\u3055\u308c\u3066\u304a\u308a\u3001Google\u306e<a href=\"https:\/\/policies.google.com\/privacy\">\u30d7\u30e9\u30a4\u30d0\u30b7\u30fc\u30dd\u30ea\u30b7\u30fc<\/a>\u3068<a href=\"https:\/\/policies.google.com\/terms\">\u5229\u7528\u898f\u7d04<\/a>\u304c\u9069\u7528\u3055\u308c\u307e\u3059\u3002<\/p>","protected":false},"excerpt":{"rendered":"<p>\u304a\u554f\u3044\u5408\u308f\u305b\u306b\u306f\u30e1\u30fc\u30eb\u30a2\u30c9\u30ec\u30b9\u304c\u5fc5\u8981\u3067\u3059\u30022\u55b6\u696d\u65e5\u3092\u76ee\u5b89\u306b\u968f\u6642\u5bfe\u5fdc\u3055\u305b\u3066\u3044\u305f\u3060\u304d\u307e\u3059\u3002 \u3053\u306e\u30b5\u30a4\u30c8\u306freCAPTCHA\u306b\u3088\u3063\u3066\u4fdd\u8b77\u3055\u308c\u3066\u304a\u308a\u3001Google\u306e\u30d7\u30e9\u30a4\u30d0\u30b7\u30fc\u30dd\u30ea\u30b7\u30fc\u3068\u5229\u7528\u898f\u7d04\u304c\u9069\u7528\u3055\u308c\u307e\u3059\u3002<\/p>\n","protected":false},"author":1,"featured_media":0,"parent":0,"menu_order":0,"comment_status":"closed","ping_status":"closed","template":"","meta":{"swell_btn_cv_data":"","footnotes":""},"class_list":["post-13","page","type-page","status-publish","hentry"],"_links":{"self":[{"href":"https:\/\/www.densho-gp.co.jp\/active-academy\/wp-json\/wp\/v2\/pages\/13","targetHints":{"allow":["GET"]}}],"collection":[{"href":"https:\/\/www.densho-gp.co.jp\/active-academy\/wp-json\/wp\/v2\/pages"}],"about":[{"href":"https:\/\/www.densho-gp.co.jp\/active-academy\/wp-json\/wp\/v2\/types\/page"}],"author":[{"embeddable":true,"href":"https:\/\/www.densho-gp.co.jp\/active-academy\/wp-json\/wp\/v2\/users\/1"}],"replies":[{"embeddable":true,"href":"https:\/\/www.densho-gp.co.jp\/active-academy\/wp-json\/wp\/v2\/comments?post=13"}],"version-history":[{"count":6,"href":"https:\/\/www.densho-gp.co.jp\/active-academy\/wp-json\/wp\/v2\/pages\/13\/revisions"}],"predecessor-version":[{"id":1470,"href":"https:\/\/www.densho-gp.co.jp\/active-academy\/wp-json\/wp\/v2\/pages\/13\/revisions\/1470"}],"wp:attachment":[{"href":"https:\/\/www.densho-gp.co.jp\/active-academy\/wp-json\/wp\/v2\/media?parent=13"}],"curies":[{"name":"wp","href":"https:\/\/api.w.org\/{rel}","templated":true}]}}